{"id":1508,"date":"2023-03-23T14:41:38","date_gmt":"2023-03-23T14:41:38","guid":{"rendered":"https:\/\/martovski.rs\/?page_id=1508"},"modified":"2023-03-30T14:04:30","modified_gmt":"2023-03-30T14:04:30","slug":"laureati-martovskog-festivala","status":"publish","type":"page","link":"https:\/\/2023.martovski.rs\/en\/laureati-martovskog-festivala\/","title":{"rendered":"LAUREATI MARTOVSKOG FESTIVALA"},"content":{"rendered":"<div class=\"bc-classic-block\">\n    <div class=\"bc-classic-block-inner wrapper\">\n               \n            <h1 class=\"main-title\">Jugoslovenska kinoteka,  Kosovska 11 <\/br><h3>Ulaznice za program LAUREATI MARTOVSKOG FESTIVALA mogu se nabaviti na blagajni Jugoslovenske kinoteke od 24. marta, po ceni od 300 RSD za termin.<\/h3><\/h1>\n                  \n             <div class=\"image-container\">\n                                    <img decoding=\"async\" class=\"img-sr\" src=\"https:\/\/2023.martovski.rs\/wp-content\/uploads\/2023\/03\/Martovski-Festival-Logo-scaled-e1678887482224.jpg\" alt=\"\" loading=\"lazy\" \/>\n                    <p class=\"ime-fotografa\"><\/p>\n                \n            <\/div>\n\n   \n          \n           \n            <p><strong>Martovski festival \u2013 70. Beogradski festival dokumentarnog i kratkometra\u017enog filma<\/strong>, stalna manifestacija u oblasti kulture od zna\u010daja za Grad Beograd, bi\u0107e odr\u017ean od 28. marta do 2. aprila 2023. godine u Domu omladine Beograda, koji je organizator i izvr\u0161ni producent doga\u0111aja. \u00a0Povodom velikog jubileja<strong>, u saradnji sa Jugoslovenskom kinotekom i arhivima, filmskim centrima i istaknutim producentskim ku\u0107ama u eksjugoslovenskim republikama<\/strong>, napravili smo izbor nagra\u0111enih filmova, mahom iz perioda nekada jedinstvene zemlje i kinematografije. Nekada je program Martovskog festivala bio toliko jak da su selektori iz Oberhauzena, Krakova, Lajpciga i drugih zna\u010dajnih festivala dokumentarnog filma i \u201ekratkog metra\u201c dolazili na Martovski festrival da bi napravili selekcije svojih festivala. Publika Martovskog festivala bi\u0107e u prilici da u kultnom bioskopu Jugoslovenske kinoteke u Kosovskoj odgleda sedam programskih celina u kojima \u0107e biti laureata iz biv\u0161ih republika: Slovenije, Severne Makedonije i Hrvatske, kao i me\u0161ovitih slotova iz Srbije, Crne Gore i Bosne i Hercegovine, gde dominiraju nekada vode\u0107i producenti kakvi su bili: Neoplanta, Avala, Dunav film, Lov\u0107en film, Zeta film, Sutjeska film\u2026 Posebno mesto u selekciji napravili smo za jednu od najstarijih filmskih ku\u0107a na Balkanu, VFC Zastava film koja obele\u017eava 75 godina postojanja i \u010diji su autori i filmovi \u010desto dobijali nagrade na Martovskom festivalu.<\/p>\n<h4><strong>29.3. 2023.<\/strong><strong>\u00a0<\/strong><\/h4>\n<p><strong><u>18:00 Zagreba\u010dka \u0161kola crtanog filma <\/u><\/strong><\/p>\n<p>Program obuhvata nagra\u0111ivane animirane filmove nastale u okviru produkcije Zagreb filma koje su potpisali neki od najzna\u010dajnijih autora Zagreba\u010dke \u0161kole crtanog filma: Du\u0161an Vukoti\u0107, Borivoj Dovnikovi\u0107- Bordo, Nedeljko Dragi\u0107 i Jo\u0161ko Maru\u0161i\u0107. Me\u0111u izabranim filmovima je i \u201eSurogat\u201c, kratki animirani film koji je jedini dobio Oskara u vreme nekada\u0161nje Jugoslavije 1962. godine.<\/p>\n<p><strong>Piccolo<\/strong>\u00a0(1959, 9&#8242;)<\/p>\n<p>Re\u017eija: Du\u0161an Vukoti\u0107<\/p>\n<p><span class=\"CyrLatIgnore\">I<\/span> Nagrada za re\u017eiju i Nagrada za scenografiju Martovskog \u00a0festivala 1960.<\/p>\n<p><strong>Surogat<\/strong>\u00a0(1961, 9&#8242;)<\/p>\n<p>Re\u017eija: Du\u0161an Vukoti\u0107<\/p>\n<p><span class=\"CyrLatIgnore\">I<\/span> Nagrada za re\u017eiju i Nagrada za scenario Martovskog festivala \u00a01960.<\/p>\n<p><strong>Idu dani<\/strong>\u00a0(1969, 9&#8242; 51&#8243;)<\/p>\n<p>Re\u017eija: Nedeljko Dragi\u0107<\/p>\n<p>Gran pri Martovskog festivala za najbolji \u00a0film 1969.<\/p>\n<p><strong>Riblje oko<\/strong>\u00a0(1980, 9&#8242; 36&#8243;)<\/p>\n<p>Re\u017eija: Jo\u0161ko Maru\u0161i\u0107<\/p>\n<p>Gran pri Martovskog festivala za najbolji film 1980.<\/p>\n<p><strong>\u0160kola hodanja<\/strong>\u00a0(1978, 13&#8242; 15&#8243;)<\/p>\n<p>Re\u017eija: Borivoj Dovnikovi\u0107-Bordo<\/p>\n<p><span class=\"CyrLatIgnore\">I<\/span> Nagrada za re\u017eiju Martovskog festivala 1979.<\/p>\n<p><strong><span class=\"CyrLatIgnore\">Ars Gratia Artis<\/span><\/strong>\u00a0(1969, 8&#8242; 56&#8243;)<\/p>\n<p>Re\u017eija: Du\u0161an Vukoti\u0107<\/p>\n<p>Gran pri Martovskog \u00a0festival a za najbolji film 1970.<\/p>\n<hr \/>\n<h4><strong>30.3. 2023.<\/strong><strong>\u00a0<\/strong><\/h4>\n<p><strong><u>18:00 Laureati 1<\/u><\/strong><u>\u00a0<\/u><\/p>\n<p>U ovom slotu kombinujemo autore iz Crne Gore, razli\u010ditih generacija: Velju Stojanovi\u0107a, Baneta Basta\u0107a, Momira Matovi\u0107a, sa kultnim autorima iz Srbije: Sa\u0161om Petrovi\u0107em, \u017dilnikom, Karpom Godinom, Makavejevim, Vlatkom Gili\u0107em, pri \u010demu su neki od njih, kao \u0161to je to slu\u010daj sa Makavejevim, snimali za bosanskohercegova\u010dkog producenta. Ne slu\u010dajno, \u010dast da otvori ovu programsku celinu pripala je filmu \u201eMrtvi grad\u201c, Velimira Stojanovi\u0107a koji je na prvom festivalu, odnosno jedinstvenoj reviji jugoslovenskog filma koja je odr\u017eana u Puli 1954. godine, dobio nagradu kritike.<\/p>\n<p><strong>Mrtvi grad<\/strong>\u00a0(1952, 18\u2019)<\/p>\n<p>Re\u017eija: Velimir Stojanovi\u0107<\/p>\n<p>Nagrada kritike na festivalu u Puli 1954.<\/p>\n<p><strong>\u017dica \u017eivota<\/strong>\u00a0(1996, 18\u2019)<\/p>\n<p>Re\u017eija: Momir Matovi\u0107<\/p>\n<p>Zlatna medalja Beograda za dokumentarni film Martovskog festivala 1996.<\/p>\n<p><strong>Mali voz<\/strong>\u00a0(1960, 15\u2019)<\/p>\n<p>Re\u017eija: Branislav Basta\u0107<\/p>\n<p>II Nagrada za tekst i <span class=\"CyrLatIgnore\">III<\/span> Nagrada za re\u017eiju Martovskog festivala 1960.<\/p>\n<p><strong>Zdravi ljudi za razonodu<\/strong>\u00a0(1971, 10\u2019)<\/p>\n<p>Re\u017eija: Karpo A\u0107imovi\u0107 Godina<\/p>\n<p>I Nagrada za re\u017eiju i Nagrada za muziku Martovskog festivala 1971.<strong>\u00a0<\/strong><\/p>\n<p><strong>Pioniri maleni, mi smo vojska prava, svakog dana ni\u010demo ko zelena trava<\/strong>\u00a0(1968, 12\u2019)<\/p>\n<p>Re\u017eija: \u017delimir \u017dilnik<\/p>\n<p>II Nagrada za re\u017eiju Martovskog festivala 1968.<strong>\u00a0<\/strong><\/p>\n<p><strong>Putevi <\/strong>(1958, 18\u2019)<\/p>\n<p>Re\u017eija: Aleksandar Sa\u0161a Petrovi\u0107<\/p>\n<p><span class=\"CyrLatIgnore\">I<\/span> Nagrada za kameru i I Nagrada za re\u017eiju Martovskog festivala 1959.<strong>\u00a0<\/strong><\/p>\n<p><strong>In Continuo<\/strong>\u00a0(1971, 12\u2019)<\/p>\n<p>Re\u017eija: Vlatko Gili\u0107<\/p>\n<p>Gran pri Martovskog festivala za najbolji film 1980.<strong>\u00a0<\/strong><\/p>\n<p><strong>Osmjeh 61<\/strong>\u00a0(1961, 15\u2019)<\/p>\n<p>Re\u017eija: Du\u0161an Makavejev<\/p>\n<p>Nagrada za kameru i <span class=\"CyrLatIgnore\">II<\/span> Nagrada za re\u017eiju Martovskog festivala 1962.<\/p>\n<p><strong><u>20:00 VFC Zastava film<\/u><\/strong><\/p>\n<p>Posebno mesto u ovoj \u00a0selekciji napravili smo za jednu od najstarijih filmskih ku\u0107a na Balkanu, VFC Zastava film koja obele\u017eava 75 godina postojanja i \u010diji su autori i filmovi \u010desto dobijali najva\u017enije nagrade na Martovskom festivalu, uklju\u010duju\u0107i i Gran pri za najbolji film. Selekcija obuhvata osim radova klasika na\u0161eg kratkog metra i filmskog dokumentarca, kakvi su Zaninovi\u0107 i Golubovi\u0107, i filmove koji su nastali nakon raspada SFRJ.<\/p>\n<p><strong>Poruke<\/strong>\u00a0(1960, 19&#8242;)<\/p>\n<p>Re\u017eija: Stjepan Zaninovi\u0107<\/p>\n<p><span class=\"CyrLatIgnore\">I<\/span> Nagrada za re\u017eiju Martovskog festivala 1961.<\/p>\n<p><strong>Tek kasnije sam po\u010deo da rastem<\/strong>\u00a0(1964, 28&#8242;)<\/p>\n<p>Re\u017eija: Stjepan Zaninovi\u0107<\/p>\n<p>Gran pri za najbolii film Martovskog festivala 1964, <span class=\"CyrLatIgnore\">I<\/span> Nagrada za re\u017eiju i Nagrada za scenario<\/p>\n<p><strong>Smrt paora \u0110urice<\/strong>\u00a0(1971, 10&#8242;)<\/p>\n<p>Re\u017eija: Predrag Golubovi\u0107<\/p>\n<p><span class=\"CyrLatIgnore\">II<\/span> Nagrada za re\u017eiju Martovskog festivala 1971.<strong>\u00a0<\/strong><\/p>\n<p><strong>Krst-i\u0107<\/strong>\u00a0(1996, 22&#8242;)<\/p>\n<p>Re\u017eija: Dragan El\u010di\u0107<\/p>\n<p>Gran pri Martovskog festivala za najbolji film 1996.<strong>\u00a0<\/strong><\/p>\n<p><strong>Umiranje pruge<\/strong>\u00a0(1998, 10&#8242;)<\/p>\n<p>Re\u017eija: Miladin \u010colakovi\u0107<\/p>\n<p>Zlatna plaketa za najbolji dokumentarni film Martovskog festivala 1998.<\/p>\n<p><strong>Voz <\/strong>(2002, 13&#8242;)<\/p>\n<p>Re\u017eija: Goran Kosti\u0107<\/p>\n<p>Gran pri Martovskog festivala za najbolji film 2002.<\/p>\n<hr \/>\n<h4><strong>31.3.2023.<\/strong><strong>\u00a0<\/strong><\/h4>\n<p><strong>18:00 Makedonski laureati <\/strong><\/p>\n<p>Uz podr\u0161ku \u00a0Kinoteke Severne Makedonije i, naravno, \u00a0Jugoslovenske kinoteke, predstavljamo i programsku celinu makedonskih \u00a0dobitnika nagrada na Martovskom festivalu, gde su zastupljeni neki od najzna\u010dajnijih autora koji vode poreklo sa tog podru\u010dja: Dimitrie Osmanli, Traj\u010de i Stole Popov koji su imali velike uspehe na nekada\u0161njem Martovskom festivalu.<\/p>\n<p><strong>Vatra<\/strong>\u00a0(1974, 12\u2019)<\/p>\n<p>Re\u017eija: Stole Popov<\/p>\n<p><span class=\"CyrLatIgnore\">I<\/span> Nagrada za re\u017eiju Martovskog festivala 1974.<strong>\u00a0<\/strong><\/p>\n<p><strong>Dae<\/strong>\u00a0(1979, 16\u2019)<\/p>\n<p>Re\u017eija: Stole Popov<\/p>\n<p><span class=\"CyrLatIgnore\">I<\/span> Nagrada za re\u017eiju Martovskog festivala 1979.<strong>\u00a0<\/strong><\/p>\n<p><strong>Svadba \u0161arplaninca<\/strong>\u00a0(1970, 15&#8242;)<\/p>\n<p>Re\u017eija: Traj\u010de Popov<\/p>\n<p><span class=\"CyrLatIgnore\">I<\/span> Nagrada za re\u017eiju Martovskog festivala 1971.<\/p>\n<p><strong>Dvanaest iz Papradnika<\/strong>\u00a0(1965, 17&#8242;)<\/p>\n<p>Re\u017eija: Dimitrie Osmanli<\/p>\n<p><span class=\"CyrLatIgnore\">I<\/span> Nagrada za scenario i <span class=\"CyrLatIgnore\">I<\/span> Nagrada za re\u017eiju Martovskog festivala 1966.<\/p>\n<p><strong>20:00 Laureati 2<\/strong><\/p>\n<p>U ovom, tako\u0111e kombinovanom, slotu, prisutni su klasici, od nedavno preminulog Puri\u0161e \u0110or\u0111evi\u0107a, preko Vladimira Poga\u010di\u0107a, Sa\u0161e Petrovi\u0107a i genijalnog kriti\u010dara Vicka Raspora, sve do jo\u0161 aktivnih autora razli\u010ditih generacija, kao \u0161to su: \u017delimir \u017dilnik, Vlatko Gili\u0107, Stefan \u0110elineo\u2026<strong>\u00a0<\/strong><\/p>\n<p><strong>Nezaposleni ljudi<\/strong>\u00a0(1968, 10\u2019)<\/p>\n<p>Re\u017eija: \u017delimir \u017dilnik<\/p>\n<p><span class=\"CyrLatIgnore\">II<\/span> Nagrada za re\u017eiju Martovskog festivala 1968.<\/p>\n<p><strong>Devojka sa naslovne strane<\/strong>\u00a0(1958, 12&#8242;)<\/p>\n<p>Re\u017eija: Puri\u0161a \u0110or\u0111evi\u0107<\/p>\n<p><span class=\"CyrLatIgnore\">II<\/span> Nagrada za re\u017eiju festivala u Puli 1958.<\/p>\n<p><strong>Svedo\u010danstvo o Tesli<\/strong>\u00a0\u00a0(1955, 17&#8242;)<\/p>\n<p>Re\u017eija: Vladimir Poga\u010di\u0107<\/p>\n<p><span class=\"CyrLatIgnore\">II<\/span> Nagrada za re\u017eiju festivala u Puli 1956.<\/p>\n<p><strong>Ljubav<\/strong>\u00a0\u00a0(1972, 24&#8242;)<\/p>\n<p>Re\u017eija: Vlatko Gili\u0107<\/p>\n<p>Gran pri za najbolji film 1973.<strong>\u00a0<\/strong><\/p>\n<p><strong><span class=\"CyrLatIgnore\">Illusion for reminiscences<\/span><\/strong>\u00a0(1992, 20\u2019)<\/p>\n<p>Re\u017eija: Stefan \u0110elineo<\/p>\n<p>Gran pri za najbolji film Martovskog festivala 1992.<\/p>\n<p><strong>Uz druga je drug<\/strong>\u00a0(1955, 42\u2019)<\/p>\n<p>Re\u017eija: Aleksandar Sa\u0161a Petrovi\u0107, Vicko Raspor<\/p>\n<p><span class=\"CyrLatIgnore\">II<\/span> Nagrada za re\u017eiju na festivalu u Puli 1956.<\/p>\n<hr \/>\n<h4><strong>1.4.2023.<\/strong><strong>\u00a0<\/strong><\/h4>\n<p><strong><u>18:00 Laureati iz Slovenije <\/u><\/strong><\/p>\n<p>Uz podr\u0161ku Filmskog centra Slovenije prikazujemo nagra\u0111ene filmove iz Slovenije koji obuhvataju neke od najzna\u010dajnijh slovena\u010dkih autora.<strong>\u00a0<\/strong><\/p>\n<p><strong>Tri spomenika<\/strong>\u00a0(1958, 16\u2019)<\/p>\n<p>Re\u017eija: Du\u0161an Povh<\/p>\n<p><span class=\"CyrLatIgnore\">I<\/span> Nagrada za re\u017eiju i Nagrada za tekst Martovskog festivala 1960.<strong>\u00a0<\/strong><\/p>\n<p><strong>Na sun\u010danoj strani ulice<\/strong>\u00a0\u00a0(1959, 17\u2019)<\/p>\n<p>Re\u017eija: Matja\u017e Klop\u010di\u010d<\/p>\n<p><span class=\"CyrLatIgnore\">II<\/span> Nagrada za re\u017eiju i <span class=\"CyrLatIgnore\">II<\/span> nagrada za kameru Martovskog festivala 1960.<\/p>\n<p><strong>46. uporednik<\/strong> (1973, 11\u2019)<\/p>\n<p>Re\u017eija: Jo\u017ee Poga\u010dnik<\/p>\n<p><span class=\"CyrLatIgnore\">I<\/span> Nagrada za re\u017eiju Martovskog festivala 1974.<strong>\u00a0<\/strong><\/p>\n<p><strong><span class=\"CyrLatIgnore\">Derby<span class=\"CyrLatIgnore\"> <\/strong>(1965, 9\u2019)<\/p>\n<p>Re\u017eija: Jo\u017ee Poga\u010dnik<\/p>\n<p><span class=\"CyrLatIgnore\">II<\/span> Nagrada za re\u017eiju Martovskog festivala \u00a01966.<strong>\u00a0<\/strong><\/p>\n<p><strong>Pokupi novac<\/strong>\u00a0(1956, 15\u2019)<\/p>\n<p>Re\u017eija: Mirko Grobler<\/p>\n<p><span class=\"CyrLatIgnore\">I<\/span> Nagrada za re\u017eiju na festivalu u Puli 1956.<\/p>\n<p><strong><u>20:00 Dugometra\u017eni dokumentarni filmovi Dunav filma <\/u><\/strong><\/p>\n<p>Autori i filmovi Dunav filma imali su mnogo uspeha na Martovskom festivalu, a u ovom slotu \u017eelimo da poka\u017eemo da je, iako je u istoriji Martovskog festivala prednja\u010dio \u201ekratki metar\u201c, u svim fazama ovog festivala bilo i izuzetnih dugometra\u017enih dokumentaraca. Ovde su dva ostvarenja koja su re\u017eirali klasici, Krsto \u0160kanata i Milenko \u0160trbac. Po mnogima je \u201eKi\u0161e zemlje moje\u201c, jedan od na\u0161ih najboljih dokumentaraca svih vremena.<\/p>\n<p><strong>Ki\u0161e zemlje moje<\/strong>\u00a0(1963, 66&#8242;)<\/p>\n<p>Re\u017eija: Milenko \u0160trbac<\/p>\n<p>Gran pri za najbolji film Martovskog festivala 1964.<strong>\u00a0<\/strong><\/p>\n<p><strong>Dvanaest meseci zime<\/strong>\u00a0(1983, 77\u2019)<\/p>\n<p>Re\u017eija: Krsto \u0160kanata<\/p>\n<p>Gran pri za najbolji film Martovskog festivala 1984.<\/p>\n        \n    <\/div>\n<\/div>","protected":false},"excerpt":{"rendered":"","protected":false},"author":1,"featured_media":0,"parent":0,"menu_order":0,"comment_status":"closed","ping_status":"closed","template":"","meta":{"footnotes":""},"class_list":["post-1508","page","type-page","status-publish","hentry"],"acf":[],"yoast_head":"<!-- This site is optimized with the Yoast SEO plugin v21.6 - https:\/\/yoast.com\/wordpress\/plugins\/seo\/ -->\n<title>LAUREATI MARTOVSKOG FESTIVALA | Martovski festival<\/title>\n<meta name=\"description\" content=\"Ulaznice za program LAUREATI MARTOVSKOG FESTIVALA mogu se nabaviti na blagajni Jugoslovenske kinoteke od 24. marta, po ceni od 300 RSD za termin.\" \/>\n<meta name=\"robots\" content=\"index, follow, max-snippet:-1, max-image-preview:large, max-video-preview:-1\" \/>\n<link rel=\"canonical\" href=\"https:\/\/2023.martovski.rs\/en\/laureati-martovskog-festivala\/\" \/>\n<meta property=\"og:locale\" content=\"en_US\" \/>\n<meta property=\"og:type\" content=\"article\" \/>\n<meta property=\"og:title\" content=\"LAUREATI MARTOVSKOG FESTIVALA | Martovski festival\" \/>\n<meta property=\"og:description\" content=\"Ulaznice za program LAUREATI MARTOVSKOG FESTIVALA mogu se nabaviti na blagajni Jugoslovenske kinoteke od 24. marta, po ceni od 300 RSD za termin.\" \/>\n<meta property=\"og:url\" content=\"https:\/\/2023.martovski.rs\/en\/laureati-martovskog-festivala\/\" \/>\n<meta property=\"og:site_name\" content=\"Martovski festival\" \/>\n<meta property=\"article:publisher\" content=\"https:\/\/www.facebook.com\/MartovskiFestival\" \/>\n<meta property=\"article:modified_time\" content=\"2023-03-30T14:04:30+00:00\" \/>\n<meta property=\"og:image\" content=\"https:\/\/2023.martovski.rs\/wp-content\/uploads\/2023\/03\/70.-Martovski.png\" \/>\n\t<meta property=\"og:image:width\" content=\"1200\" \/>\n\t<meta property=\"og:image:height\" content=\"630\" \/>\n\t<meta property=\"og:image:type\" content=\"image\/png\" \/>\n<meta name=\"twitter:card\" content=\"summary_large_image\" \/>\n<meta name=\"twitter:title\" content=\"LAUREATI MARTOVSKOG FESTIVALA | Martovski festival\" \/>\n<meta name=\"twitter:description\" content=\"Ulaznice za program LAUREATI MARTOVSKOG FESTIVALA mogu se nabaviti na blagajni Jugoslovenske kinoteke od 24. marta, po ceni od 300 RSD za termin.\" \/>\n<meta name=\"twitter:image\" content=\"https:\/\/2023.martovski.rs\/wp-content\/uploads\/2023\/03\/Share-Martovski.png\" \/>\n<meta name=\"twitter:site\" content=\"@MartovskiF\" \/>\n<script type=\"application\/ld+json\" class=\"yoast-schema-graph\">{\"@context\":\"https:\/\/schema.org\",\"@graph\":[{\"@type\":\"WebPage\",\"@id\":\"https:\/\/2023.martovski.rs\/laureati-martovskog-festivala\/\",\"url\":\"https:\/\/2023.martovski.rs\/laureati-martovskog-festivala\/\",\"name\":\"LAUREATI MARTOVSKOG FESTIVALA | Martovski festival\",\"isPartOf\":{\"@id\":\"https:\/\/2023.martovski.rs\/#website\"},\"datePublished\":\"2023-03-23T14:41:38+00:00\",\"dateModified\":\"2023-03-30T14:04:30+00:00\",\"description\":\"Ulaznice za program LAUREATI MARTOVSKOG FESTIVALA mogu se nabaviti na blagajni Jugoslovenske kinoteke od 24. marta, po ceni od 300 RSD za termin.\",\"breadcrumb\":{\"@id\":\"https:\/\/2023.martovski.rs\/laureati-martovskog-festivala\/#breadcrumb\"},\"inLanguage\":\"en-US\",\"potentialAction\":[{\"@type\":\"ReadAction\",\"target\":[\"https:\/\/2023.martovski.rs\/laureati-martovskog-festivala\/\"]}]},{\"@type\":\"BreadcrumbList\",\"@id\":\"https:\/\/2023.martovski.rs\/laureati-martovskog-festivala\/#breadcrumb\",\"itemListElement\":[{\"@type\":\"ListItem\",\"position\":1,\"name\":\"Home\",\"item\":\"https:\/\/2023.martovski.rs\/\"},{\"@type\":\"ListItem\",\"position\":2,\"name\":\"LAUREATI MARTOVSKOG FESTIVALA\"}]},{\"@type\":\"WebSite\",\"@id\":\"https:\/\/2023.martovski.rs\/#website\",\"url\":\"https:\/\/2023.martovski.rs\/\",\"name\":\"Martovski festival\",\"description\":\"70. BEOGRADSKI FESTIVAL DOKUMENTARNOG I KRATKOMETRA\u017dNOG FILMA\",\"publisher\":{\"@id\":\"https:\/\/2023.martovski.rs\/#organization\"},\"potentialAction\":[{\"@type\":\"SearchAction\",\"target\":{\"@type\":\"EntryPoint\",\"urlTemplate\":\"https:\/\/2023.martovski.rs\/?s={search_term_string}\"},\"query-input\":\"required name=search_term_string\"}],\"inLanguage\":\"en-US\"},{\"@type\":\"Organization\",\"@id\":\"https:\/\/2023.martovski.rs\/#organization\",\"name\":\"Martovski festival\",\"url\":\"https:\/\/2023.martovski.rs\/\",\"logo\":{\"@type\":\"ImageObject\",\"inLanguage\":\"en-US\",\"@id\":\"https:\/\/2023.martovski.rs\/#\/schema\/logo\/image\/\",\"url\":\"https:\/\/martovski.rs\/wp-content\/uploads\/2023\/03\/70.-Martovski.png\",\"contentUrl\":\"https:\/\/martovski.rs\/wp-content\/uploads\/2023\/03\/70.-Martovski.png\",\"width\":1200,\"height\":630,\"caption\":\"Martovski festival\"},\"image\":{\"@id\":\"https:\/\/2023.martovski.rs\/#\/schema\/logo\/image\/\"},\"sameAs\":[\"https:\/\/www.facebook.com\/MartovskiFestival\",\"https:\/\/twitter.com\/MartovskiF\",\"https:\/\/www.instagram.com\/martovskifestival\/\"]}]}<\/script>\n<!-- \/ Yoast SEO plugin. -->","yoast_head_json":{"title":"LAUREATI MARTOVSKOG FESTIVALA | Martovski festival","description":"Ulaznice za program LAUREATI MARTOVSKOG FESTIVALA mogu se nabaviti na blagajni Jugoslovenske kinoteke od 24. marta, po ceni od 300 RSD za termin.","robots":{"index":"index","follow":"follow","max-snippet":"max-snippet:-1","max-image-preview":"max-image-preview:large","max-video-preview":"max-video-preview:-1"},"canonical":"https:\/\/2023.martovski.rs\/en\/laureati-martovskog-festivala\/","og_locale":"en_US","og_type":"article","og_title":"LAUREATI MARTOVSKOG FESTIVALA | Martovski festival","og_description":"Ulaznice za program LAUREATI MARTOVSKOG FESTIVALA mogu se nabaviti na blagajni Jugoslovenske kinoteke od 24. marta, po ceni od 300 RSD za termin.","og_url":"https:\/\/2023.martovski.rs\/en\/laureati-martovskog-festivala\/","og_site_name":"Martovski festival","article_publisher":"https:\/\/www.facebook.com\/MartovskiFestival","article_modified_time":"2023-03-30T14:04:30+00:00","og_image":[{"width":1200,"height":630,"url":"https:\/\/2023.martovski.rs\/wp-content\/uploads\/2023\/03\/70.-Martovski.png","type":"image\/png"}],"twitter_card":"summary_large_image","twitter_title":"LAUREATI MARTOVSKOG FESTIVALA | Martovski festival","twitter_description":"Ulaznice za program LAUREATI MARTOVSKOG FESTIVALA mogu se nabaviti na blagajni Jugoslovenske kinoteke od 24. marta, po ceni od 300 RSD za termin.","twitter_image":"https:\/\/2023.martovski.rs\/wp-content\/uploads\/2023\/03\/Share-Martovski.png","twitter_site":"@MartovskiF","schema":{"@context":"https:\/\/schema.org","@graph":[{"@type":"WebPage","@id":"https:\/\/2023.martovski.rs\/laureati-martovskog-festivala\/","url":"https:\/\/2023.martovski.rs\/laureati-martovskog-festivala\/","name":"LAUREATI MARTOVSKOG FESTIVALA | Martovski festival","isPartOf":{"@id":"https:\/\/2023.martovski.rs\/#website"},"datePublished":"2023-03-23T14:41:38+00:00","dateModified":"2023-03-30T14:04:30+00:00","description":"Ulaznice za program LAUREATI MARTOVSKOG FESTIVALA mogu se nabaviti na blagajni Jugoslovenske kinoteke od 24. marta, po ceni od 300 RSD za termin.","breadcrumb":{"@id":"https:\/\/2023.martovski.rs\/laureati-martovskog-festivala\/#breadcrumb"},"inLanguage":"en-US","potentialAction":[{"@type":"ReadAction","target":["https:\/\/2023.martovski.rs\/laureati-martovskog-festivala\/"]}]},{"@type":"BreadcrumbList","@id":"https:\/\/2023.martovski.rs\/laureati-martovskog-festivala\/#breadcrumb","itemListElement":[{"@type":"ListItem","position":1,"name":"Home","item":"https:\/\/2023.martovski.rs\/"},{"@type":"ListItem","position":2,"name":"LAUREATI MARTOVSKOG FESTIVALA"}]},{"@type":"WebSite","@id":"https:\/\/2023.martovski.rs\/#website","url":"https:\/\/2023.martovski.rs\/","name":"Martovski festival","description":"70. BEOGRADSKI FESTIVAL DOKUMENTARNOG I KRATKOMETRA\u017dNOG FILMA","publisher":{"@id":"https:\/\/2023.martovski.rs\/#organization"},"potentialAction":[{"@type":"SearchAction","target":{"@type":"EntryPoint","urlTemplate":"https:\/\/2023.martovski.rs\/?s={search_term_string}"},"query-input":"required name=search_term_string"}],"inLanguage":"en-US"},{"@type":"Organization","@id":"https:\/\/2023.martovski.rs\/#organization","name":"Martovski festival","url":"https:\/\/2023.martovski.rs\/","logo":{"@type":"ImageObject","inLanguage":"en-US","@id":"https:\/\/2023.martovski.rs\/#\/schema\/logo\/image\/","url":"https:\/\/martovski.rs\/wp-content\/uploads\/2023\/03\/70.-Martovski.png","contentUrl":"https:\/\/martovski.rs\/wp-content\/uploads\/2023\/03\/70.-Martovski.png","width":1200,"height":630,"caption":"Martovski festival"},"image":{"@id":"https:\/\/2023.martovski.rs\/#\/schema\/logo\/image\/"},"sameAs":["https:\/\/www.facebook.com\/MartovskiFestival","https:\/\/twitter.com\/MartovskiF","https:\/\/www.instagram.com\/martovskifestival\/"]}]}},"_links":{"self":[{"href":"https:\/\/2023.martovski.rs\/en\/wp-json\/wp\/v2\/pages\/1508","targetHints":{"allow":["GET"]}}],"collection":[{"href":"https:\/\/2023.martovski.rs\/en\/wp-json\/wp\/v2\/pages"}],"about":[{"href":"https:\/\/2023.martovski.rs\/en\/wp-json\/wp\/v2\/types\/page"}],"author":[{"embeddable":true,"href":"https:\/\/2023.martovski.rs\/en\/wp-json\/wp\/v2\/users\/1"}],"replies":[{"embeddable":true,"href":"https:\/\/2023.martovski.rs\/en\/wp-json\/wp\/v2\/comments?post=1508"}],"version-history":[{"count":37,"href":"https:\/\/2023.martovski.rs\/en\/wp-json\/wp\/v2\/pages\/1508\/revisions"}],"predecessor-version":[{"id":1870,"href":"https:\/\/2023.martovski.rs\/en\/wp-json\/wp\/v2\/pages\/1508\/revisions\/1870"}],"wp:attachment":[{"href":"https:\/\/2023.martovski.rs\/en\/wp-json\/wp\/v2\/media?parent=1508"}],"curies":[{"name":"wp","href":"https:\/\/api.w.org\/{rel}","templated":true}]}}