{"id":320,"date":"2023-02-27T14:08:45","date_gmt":"2023-02-27T14:08:45","guid":{"rendered":"https:\/\/martovski.rs\/?page_id=320"},"modified":"2023-03-27T13:06:04","modified_gmt":"2023-03-27T13:06:04","slug":"umetnicki-direktor","status":"publish","type":"page","link":"https:\/\/2023.martovski.rs\/en\/umetnicki-direktor\/","title":{"rendered":"Art Director"},"content":{"rendered":"<div class=\"bc-classic-block padding-top-small\">\n    <div class=\"bc-classic-block-inner wrapper\">\n               \n            <h1 class=\"main-title text-center\">70th Martovski festival Art Director <span style=\"font-family: 'GothamNarrow-Bold',sans-serif; font-weight: 400\">Dejan Dabi\u0107<\/span><\/h1>\n                  \n             <div class=\"image-container\">\n                                    <img decoding=\"async\" class=\"img-sr\" src=\"https:\/\/2023.martovski.rs\/wp-content\/uploads\/2023\/03\/Dejan-Dabic-foto-Stanislav-Milojkovic.jpg\" alt=\"\" loading=\"lazy\" \/>\n                    <p class=\"ime-fotografa\">Photo: Stanislav Milojkovi\u0107<\/p>\n                \n            <\/div>\n\n   \n          \n           \n            <p>Urednik filmskog programa Ni\u0161kog kulturnog centra i jedan od glavnih organizatora Festivala gluma\u010dkih ostvarenja u Ni\u0161u. Ure\u0111ivao je filmski program na gradskoj Ni\u0161koj televiziji, trenutno sara\u0111uje sa kablovskim kanalom \u201eFilm klub\u201c. Objavljivao je filmske kritike u dnevnoj \u00a0\u0161tampi i periodici, pokreta\u010d je i jedan od urednika filmskog \u010dasopisa \u201eFila\u017e\u201c iz Ni\u0161a. Autor knjiga \u201eProhujalo (sa) etrom\u201c i \u201eNebo iznad celuloida\u201c, koautor knjiga \u201eVodi\u010d kroz 40 godina Festivala gluma\u010dkih ostvarenja u Ni\u0161u\u201c, \u201eVodi\u010d kroz 50 godina Festivala gluma\u010dkih ostvarenja u Ni\u0161u\u201c i \u201eNa talasima animacije\u201c; prire\u0111iva\u010d monografije \u201ePedeset godina Filmskog festivala u Sopotu\u201c. Kao scenarista i reditelj, u Studiju crtanog filma 98 iz Ni\u0161a, uradio je dvadesetak kratkih animiranih ostvarenja, od kojih su najpoznatija: \u201eKrletka\u201c (nagrada  <span class=\"CyrLatIgnore\">YU ASIFA<\/span> na Martovskom festivalu 2002.), \u201eOdraz\u201c,\u201ePredvodnik\u201c, \u201eBrbljiva kornja\u010da\u201c, \u201eVe\u0161tina \u010ditanja\u201c i \u201ePasje doba\u201c. Napisao je scenario i re\u017eirao dokumentarni film \u201ePioniri ni\u0161kog filma\u201c i dokumentarno-igrani film \u201eUpoznajte Toma Laha\u201c. Bio je \u010dlan \u017eirija na festivalima u Srbiji, Hrvatskoj, Bosni i Hercegovini, Crnoj Gori, Severnoj Makedoniji i Gr\u010dkoj. Od 2019. godine je umetni\u010dki direktor Martovskog festivala.<\/p>\n        \n    <\/div>\n<\/div>\n\n\n\n<p><\/p>","protected":false},"excerpt":{"rendered":"","protected":false},"author":1,"featured_media":0,"parent":0,"menu_order":0,"comment_status":"closed","ping_status":"closed","template":"","meta":{"footnotes":""},"class_list":["post-320","page","type-page","status-publish","hentry"],"acf":[],"yoast_head":"<!-- This site is optimized with the Yoast SEO plugin v21.6 - https:\/\/yoast.com\/wordpress\/plugins\/seo\/ -->\n<title>UMETNI\u010cKI DIREKTOR | Martovski festival<\/title>\n<meta name=\"robots\" content=\"index, follow, max-snippet:-1, max-image-preview:large, max-video-preview:-1\" \/>\n<link rel=\"canonical\" href=\"https:\/\/2023.martovski.rs\/en\/umetnicki-direktor\/\" \/>\n<meta property=\"og:locale\" content=\"en_US\" \/>\n<meta property=\"og:type\" content=\"article\" \/>\n<meta property=\"og:title\" content=\"UMETNI\u010cKI DIREKTOR | Martovski festival\" \/>\n<meta property=\"og:url\" content=\"https:\/\/2023.martovski.rs\/en\/umetnicki-direktor\/\" \/>\n<meta property=\"og:site_name\" content=\"Martovski festival\" \/>\n<meta property=\"article:publisher\" content=\"https:\/\/www.facebook.com\/MartovskiFestival\" \/>\n<meta property=\"article:modified_time\" content=\"2023-03-27T13:06:04+00:00\" \/>\n<meta property=\"og:image\" content=\"https:\/\/2023.martovski.rs\/wp-content\/uploads\/2023\/03\/Dejan-Dabic-foto-Stanislav-Milojkovic.jpg\" \/>\n\t<meta property=\"og:image:width\" content=\"709\" \/>\n\t<meta property=\"og:image:height\" content=\"472\" \/>\n\t<meta property=\"og:image:type\" content=\"image\/jpeg\" \/>\n<meta name=\"twitter:card\" content=\"summary_large_image\" \/>\n<meta name=\"twitter:title\" content=\"UMETNI\u010cKI DIREKTOR | Martovski festival\" \/>\n<meta name=\"twitter:image\" content=\"https:\/\/2023.martovski.rs\/wp-content\/uploads\/2023\/03\/Dejan-Dabic-foto-Stanislav-Milojkovic.jpg\" \/>\n<meta name=\"twitter:site\" content=\"@MartovskiF\" \/>\n<script type=\"application\/ld+json\" class=\"yoast-schema-graph\">{\"@context\":\"https:\/\/schema.org\",\"@graph\":[{\"@type\":\"WebPage\",\"@id\":\"https:\/\/2023.martovski.rs\/umetnicki-direktor\/\",\"url\":\"https:\/\/2023.martovski.rs\/umetnicki-direktor\/\",\"name\":\"UMETNI\u010cKI DIREKTOR | Martovski festival\",\"isPartOf\":{\"@id\":\"https:\/\/2023.martovski.rs\/#website\"},\"datePublished\":\"2023-02-27T14:08:45+00:00\",\"dateModified\":\"2023-03-27T13:06:04+00:00\",\"breadcrumb\":{\"@id\":\"https:\/\/2023.martovski.rs\/umetnicki-direktor\/#breadcrumb\"},\"inLanguage\":\"en-US\",\"potentialAction\":[{\"@type\":\"ReadAction\",\"target\":[\"https:\/\/2023.martovski.rs\/umetnicki-direktor\/\"]}]},{\"@type\":\"BreadcrumbList\",\"@id\":\"https:\/\/2023.martovski.rs\/umetnicki-direktor\/#breadcrumb\",\"itemListElement\":[{\"@type\":\"ListItem\",\"position\":1,\"name\":\"Home\",\"item\":\"https:\/\/2023.martovski.rs\/\"},{\"@type\":\"ListItem\",\"position\":2,\"name\":\"UMETNI\u010cKI DIREKTOR\"}]},{\"@type\":\"WebSite\",\"@id\":\"https:\/\/2023.martovski.rs\/#website\",\"url\":\"https:\/\/2023.martovski.rs\/\",\"name\":\"Martovski festival\",\"description\":\"70. BEOGRADSKI FESTIVAL DOKUMENTARNOG I KRATKOMETRA\u017dNOG FILMA\",\"publisher\":{\"@id\":\"https:\/\/2023.martovski.rs\/#organization\"},\"potentialAction\":[{\"@type\":\"SearchAction\",\"target\":{\"@type\":\"EntryPoint\",\"urlTemplate\":\"https:\/\/2023.martovski.rs\/?s={search_term_string}\"},\"query-input\":\"required name=search_term_string\"}],\"inLanguage\":\"en-US\"},{\"@type\":\"Organization\",\"@id\":\"https:\/\/2023.martovski.rs\/#organization\",\"name\":\"Martovski festival\",\"url\":\"https:\/\/2023.martovski.rs\/\",\"logo\":{\"@type\":\"ImageObject\",\"inLanguage\":\"en-US\",\"@id\":\"https:\/\/2023.martovski.rs\/#\/schema\/logo\/image\/\",\"url\":\"https:\/\/martovski.rs\/wp-content\/uploads\/2023\/03\/70.-Martovski.png\",\"contentUrl\":\"https:\/\/martovski.rs\/wp-content\/uploads\/2023\/03\/70.-Martovski.png\",\"width\":1200,\"height\":630,\"caption\":\"Martovski festival\"},\"image\":{\"@id\":\"https:\/\/2023.martovski.rs\/#\/schema\/logo\/image\/\"},\"sameAs\":[\"https:\/\/www.facebook.com\/MartovskiFestival\",\"https:\/\/twitter.com\/MartovskiF\",\"https:\/\/www.instagram.com\/martovskifestival\/\"]}]}<\/script>\n<!-- \/ Yoast SEO plugin. -->","yoast_head_json":{"title":"UMETNI\u010cKI DIREKTOR | Martovski festival","robots":{"index":"index","follow":"follow","max-snippet":"max-snippet:-1","max-image-preview":"max-image-preview:large","max-video-preview":"max-video-preview:-1"},"canonical":"https:\/\/2023.martovski.rs\/en\/umetnicki-direktor\/","og_locale":"en_US","og_type":"article","og_title":"UMETNI\u010cKI DIREKTOR | Martovski festival","og_url":"https:\/\/2023.martovski.rs\/en\/umetnicki-direktor\/","og_site_name":"Martovski festival","article_publisher":"https:\/\/www.facebook.com\/MartovskiFestival","article_modified_time":"2023-03-27T13:06:04+00:00","og_image":[{"width":709,"height":472,"url":"https:\/\/2023.martovski.rs\/wp-content\/uploads\/2023\/03\/Dejan-Dabic-foto-Stanislav-Milojkovic.jpg","type":"image\/jpeg"}],"twitter_card":"summary_large_image","twitter_title":"UMETNI\u010cKI DIREKTOR | Martovski festival","twitter_image":"https:\/\/2023.martovski.rs\/wp-content\/uploads\/2023\/03\/Dejan-Dabic-foto-Stanislav-Milojkovic.jpg","twitter_site":"@MartovskiF","schema":{"@context":"https:\/\/schema.org","@graph":[{"@type":"WebPage","@id":"https:\/\/2023.martovski.rs\/umetnicki-direktor\/","url":"https:\/\/2023.martovski.rs\/umetnicki-direktor\/","name":"UMETNI\u010cKI DIREKTOR | Martovski festival","isPartOf":{"@id":"https:\/\/2023.martovski.rs\/#website"},"datePublished":"2023-02-27T14:08:45+00:00","dateModified":"2023-03-27T13:06:04+00:00","breadcrumb":{"@id":"https:\/\/2023.martovski.rs\/umetnicki-direktor\/#breadcrumb"},"inLanguage":"en-US","potentialAction":[{"@type":"ReadAction","target":["https:\/\/2023.martovski.rs\/umetnicki-direktor\/"]}]},{"@type":"BreadcrumbList","@id":"https:\/\/2023.martovski.rs\/umetnicki-direktor\/#breadcrumb","itemListElement":[{"@type":"ListItem","position":1,"name":"Home","item":"https:\/\/2023.martovski.rs\/"},{"@type":"ListItem","position":2,"name":"UMETNI\u010cKI DIREKTOR"}]},{"@type":"WebSite","@id":"https:\/\/2023.martovski.rs\/#website","url":"https:\/\/2023.martovski.rs\/","name":"Martovski festival","description":"70. BEOGRADSKI FESTIVAL DOKUMENTARNOG I KRATKOMETRA\u017dNOG FILMA","publisher":{"@id":"https:\/\/2023.martovski.rs\/#organization"},"potentialAction":[{"@type":"SearchAction","target":{"@type":"EntryPoint","urlTemplate":"https:\/\/2023.martovski.rs\/?s={search_term_string}"},"query-input":"required name=search_term_string"}],"inLanguage":"en-US"},{"@type":"Organization","@id":"https:\/\/2023.martovski.rs\/#organization","name":"Martovski festival","url":"https:\/\/2023.martovski.rs\/","logo":{"@type":"ImageObject","inLanguage":"en-US","@id":"https:\/\/2023.martovski.rs\/#\/schema\/logo\/image\/","url":"https:\/\/martovski.rs\/wp-content\/uploads\/2023\/03\/70.-Martovski.png","contentUrl":"https:\/\/martovski.rs\/wp-content\/uploads\/2023\/03\/70.-Martovski.png","width":1200,"height":630,"caption":"Martovski festival"},"image":{"@id":"https:\/\/2023.martovski.rs\/#\/schema\/logo\/image\/"},"sameAs":["https:\/\/www.facebook.com\/MartovskiFestival","https:\/\/twitter.com\/MartovskiF","https:\/\/www.instagram.com\/martovskifestival\/"]}]}},"_links":{"self":[{"href":"https:\/\/2023.martovski.rs\/en\/wp-json\/wp\/v2\/pages\/320","targetHints":{"allow":["GET"]}}],"collection":[{"href":"https:\/\/2023.martovski.rs\/en\/wp-json\/wp\/v2\/pages"}],"about":[{"href":"https:\/\/2023.martovski.rs\/en\/wp-json\/wp\/v2\/types\/page"}],"author":[{"embeddable":true,"href":"https:\/\/2023.martovski.rs\/en\/wp-json\/wp\/v2\/users\/1"}],"replies":[{"embeddable":true,"href":"https:\/\/2023.martovski.rs\/en\/wp-json\/wp\/v2\/comments?post=320"}],"version-history":[{"count":20,"href":"https:\/\/2023.martovski.rs\/en\/wp-json\/wp\/v2\/pages\/320\/revisions"}],"predecessor-version":[{"id":1593,"href":"https:\/\/2023.martovski.rs\/en\/wp-json\/wp\/v2\/pages\/320\/revisions\/1593"}],"wp:attachment":[{"href":"https:\/\/2023.martovski.rs\/en\/wp-json\/wp\/v2\/media?parent=320"}],"curies":[{"name":"wp","href":"https:\/\/api.w.org\/{rel}","templated":true}]}}