{"id":959,"date":"2023-03-15T18:42:33","date_gmt":"2023-03-15T18:42:33","guid":{"rendered":"https:\/\/martovski.rs\/?page_id=959"},"modified":"2023-03-27T13:38:50","modified_gmt":"2023-03-27T13:38:50","slug":"selekciona-komisija","status":"publish","type":"page","link":"https:\/\/2023.martovski.rs\/en\/selekciona-komisija\/","title":{"rendered":"SELECTION COMMITTEE"},"content":{"rendered":"<div class=\"komisija-ziri-blok takmicarski-by-category wrapper\">\n   \n                            <p style=\"font-weight: 400;\" class=\" translation-block\">Selectors of the national competition program: <strong>Igor M. Toholj<\/strong>, film auteur, producer and programmer, <strong>Sa\u0161a Radojevi\u0107<\/strong>, film critic, director and screenwriter, <strong>Miroljub Stojanovi\u0107<\/strong>, film critic, publicist and editor<\/p>\n<p class=\" translation-block\">Selectors of the international competition program: <strong>Borjana Gakovi\u0107<\/strong>, film historian, theorist and programmer from Germany,<strong> Dragan Nikoli\u0107<\/strong>, film director, screenwriter and editor of the Belgrade Youth Center film program, <strong>Dejan Dabi\u0107<\/strong>, 70th Martovski Festival Art Director.<\/p>\n             \n            <div class=\"posts-by-category\">\n                          <div class=\"single-inner\">\n                                            <h1 class=\"ziri-title\">Igor M. Toholj<\/h1>\n                     \n                                            <h3 class=\"ziri-subtitle\">Selector of the national competition program<\/h3>\n                                                            \n                                            <div class=\"featured-image\">\n                            <img decoding=\"async\" src=\"https:\/\/2023.martovski.rs\/wp-content\/uploads\/2023\/03\/Igor-M.-Toholj-foto-Andela-Dabic.jpg\" alt=\"\" width=\"1080\" height=\"450\" loading=\"lazy\" \/>\n                                                             <span class=\"ime-fotografa\">An\u0111ela Dabi\u0107<\/span>\n                             \n                        <\/div>\n                       \n             \n                    <div class=\"text-content\">  \n         \n                                                    <p>Ro\u0111en 1968. u Beogradu, gde je diplomirao filmsku i TV monta\u017eu na FDU. Autor je preko 20 eksperimentalnih i dokumentarnih filmova, koji su prikazivani i naga\u0111ivani na festivalima u zemlji i svetu. \u010clan je  AFUN-a, UFUS-a i Udru\u017eenja DOK Srbija; stipendista Gete Instituta ( <span class=\"CyrLatIgnore\">Berlinale for film experts<\/span>) i Univerziteta \u201eDante Aligijeri\u201c. Osniva\u010d filmske produkcije Zero, koja je proizvela dvadesetak kratkih i dugometra\u017enih eksperimentalnih i dokumentarnih filmova. \u010clan \u017eirija filmskih festivala, me\u0111u kojima su  <span class=\"CyrLatIgnore\">Roshd<\/span>, Teheran;  <span class=\"CyrLatIgnore\">ARUFF<\/span>, Istanbul;  <span class=\"CyrLatIgnore\">HFF<\/span>, Rijeka;  <span class=\"CyrLatIgnore\">Cinema City<\/span>, Novi Sad. Selektor Festivala Evropskog filma Pali\u0107 od 2008.\u00a0Programski direktor\u00a0festivala\u00a0Dok&#8217;n&#8217;Ritam\u00a0od 2016,\u00a0umetni\u010dki direktor\u00a0festivala\u00a0DOK #4<em>\u00a0<\/em>since 2019 and the silent film festival <i>Silence is Golden<\/i><em>\u00a0<\/em>od 2021. Selektor programa IPA projekta  <span class=\"CyrLatIgnore\">FILMY<\/span> Srbija-Ma\u0111arska, 2019-22. U\u010desnik me\u0111unarodne konferencije  <span class=\"CyrLatIgnore\">History-Film-History<\/span> 2023. u Tbilisiju, Gruzija. Radi kao urednik filmskog programa Doma kulture \u201eStudentski grad\u201c od 1994. godine.<\/p>\n<p>&nbsp;<\/p>\n                          \n             \n                    <\/div>\n                <\/div>\n\n\n                          <div class=\"single-inner\">\n                                            <h1 class=\"ziri-title\">Sa\u0161a Radojevi\u0107,<\/h1>\n                     \n                                            <h3 class=\"ziri-subtitle\">Selector of the national competition program<\/h3>\n                                                            \n                                            <div class=\"featured-image\">\n                            <img decoding=\"async\" src=\"https:\/\/2023.martovski.rs\/wp-content\/uploads\/2023\/03\/Sasa-Radojevic-foto-Stanislav-Milojkovic.webp\" alt=\"\" width=\"1080\" height=\"450\" loading=\"lazy\" \/>\n                                                             <span class=\"ime-fotografa\">Stanislav Milojkovi\u0107<\/span>\n                             \n                        <\/div>\n                       \n             \n                    <div class=\"text-content\">  \n         \n                                                    <p>Born in Belgrade. Obtained his BA from the Faculty of Dramatic Arts in Belgrade. Wrote scripts for documentary TV series and short films. Published books on cinema, <i>The Myth of Frankenstein<\/i> (1991) and<i> Serbian Film: the Fifties<\/i> (2023), as well as the novel <i>Wild Shadows<\/i> (2002). He was an assistant director to Theo Angelopoulos on the set of the film <i>Ulysses' Gaze<\/i> (1995). He is the co-screenwriter for the feature films <i>Land of Truth, Love and Freedom<\/i> (2000), <i>South by Southeast<\/i> (2005), <i>Doctor Ray and the Devils<\/i> (2012) and <i>The Loop<\/i> (2015), screenwriter for the film <i>The State (2013)<\/i> and director and screenwriter of feature films <i>Kisses<\/i> (2004), <i>Narcissus and Echo<\/i> (2011), <i>Branded<\/i> (2015), <i>Family<\/i> (2015) and <i>Alexandra<\/i> (2019). The feature films he collaborated on won multiple awards in the country and abroad.<\/p>\n<p>&nbsp;<\/p>\n                          \n             \n                    <\/div>\n                <\/div>\n\n\n                          <div class=\"single-inner\">\n                                            <h1 class=\"ziri-title\"><strong>Miroljub Stojanovi\u0107<\/strong>,<\/h1>\n                     \n                                            <h3 class=\"ziri-subtitle\">Selector of the national competition program<\/h3>\n                                                            \n                                            <div class=\"featured-image\">\n                            <img decoding=\"async\" src=\"https:\/\/2023.martovski.rs\/wp-content\/uploads\/2023\/03\/Miroljub-Stojanovic-foto-Stanislav-Milojkovic-1.jpg\" alt=\"\" width=\"1080\" height=\"450\" loading=\"lazy\" \/>\n                                                             <span class=\"ime-fotografa\">Stanislav Milojkovic<\/span>\n                             \n                        <\/div>\n                       \n             \n                    <div class=\"text-content\">  \n         \n                                                    <p>Studied world literature at the Faculty of Philology in Belgrade. Engages in film criticism, film theory, essay writing and research. Published his works in more than 40 trade magazines, daily newspapers and periodicals. His original works were included in about twenty film books. His texts about the film have been translated into six languages, and his rich bibliography is complemented by numerous TV and radio appearances, lectures and panel discussions. Asian film and Asian cultures (he resided in 24 Asian countries) have been the focus of his interests for years, with particular emphasis on Indian and Japanese cinema. Publishing editor at the Film Center of Serbia. Winner of the <i>Neboj\u0161a Popovi\u0107<\/i> award for film criticism in 2019.<\/p>\n                          \n             \n                    <\/div>\n                <\/div>\n\n\n                          <div class=\"single-inner\">\n                                            <h1 class=\"ziri-title\">Borjana Gakovic\u0301<\/h1>\n                     \n                                            <h3 class=\"ziri-subtitle\">Selector of the international competition program<\/h3>\n                                                            \n                                            <div class=\"featured-image\">\n                            <img decoding=\"async\" src=\"https:\/\/2023.martovski.rs\/wp-content\/uploads\/2023\/03\/Borjana-Gakovic-foto-Stefan-Ibrahim-DOK-Leipzig-1.jpg\" alt=\"\" width=\"1080\" height=\"450\" loading=\"lazy\" \/>\n                                                             <span class=\"ime-fotografa\">Stefan Ibrahim DOK Leipzig<\/span>\n                             \n                        <\/div>\n                       \n             \n                    <div class=\"text-content\">  \n         \n                                                    <p><span lang=\"SR-LATN-RS\">Ro\u0111ena je 1981. godine u Sarajevu. Od 2001. \u017eivi u Berlinu, gde je studirala filmske nauke, te medijske nauke u Potsdamu. Kustoskinja je filmskih programa, istra\u017euje film i medije i predaje o filmu i filmskoj kulturi na razli\u010ditim univerzitetima \u0161irom Nema\u010dke. Sara\u0111ivala je na brojnim filmskim, pozori\u0161nim, izlo\u017ebenim i projektima vezanim za teoriju medija. U svom radu bavi se pre svega reprezentacijom istorije i medijalno\u0161\u0107u istoriografije, evropskom kinematografijom 1960-ih i 1970-tih, odnosom \u017eena i filma, te ratom i traumom na filmu. Bila je portparol za medije Nema\u010dke asocijacije op\u0161tinskih i kulturnih bioskopa (2017-2021) i urednica filmskog tromese\u010dnika  <span class=\"CyrLatIgnore\">\u201eKinema\u00a0Kommunal\u201c<\/span>. Od 2020. godine je \u010dlanica Programske i selekcione komisije DOK Lajpciga, lajpci\u0161kog me\u0111unarodnog festivala dokumentarnog i animiranog filma.<\/span><\/p>\n                          \n             \n                    <\/div>\n                <\/div>\n\n\n                          <div class=\"single-inner\">\n                                            <h1 class=\"ziri-title\"><strong>Dragan Nikoli\u0107 <\/strong><\/h1>\n                     \n                                            <h3 class=\"ziri-subtitle\">Selector of the international competition program<\/h3>\n                                                            \n                                            <div class=\"featured-image\">\n                            <img decoding=\"async\" src=\"https:\/\/2023.martovski.rs\/wp-content\/uploads\/2023\/03\/Dragan-Nikolic-foto-Anne-Colliard.jpg\" alt=\"\" width=\"1080\" height=\"450\" loading=\"lazy\" \/>\n                                                             <span class=\"ime-fotografa\">Anne Colliard<\/span>\n                             \n                        <\/div>\n                       \n             \n                    <div class=\"text-content\">  \n         \n                                                    <p style=\"font-weight: 400;\">Na Fakultetu dramskih umetnosti diplomirao je dramatugiju i zavr\u0161io master studije filmske i TV re\u017eije, apsolvirao na Katedri za filozofiju Filozofskog fakulteta u Beogradu. Student nau\u010dnih doktorskih studija na FDU, smer Teorija dramskih umetnosti, medija i kulture. Kompletan je autor filmova \u201ePogrebnik\u201c (2013), \u201eKavijar konek\u0161n\u201c (2008) i \u201eNacionalni park\u201c (2006), premijerno prikazanih na IDFA. Scenarista je dugometra\u017enog igranog filma \u201eRe\u017ei\u201c (FEST 2019), koscenarista dugometra\u017enog dokumentarnog filma \u201e <span class=\"CyrLatIgnore\">Made in Serbia<\/span>\u201c (FEST 2005) i kratkog igranog filma \u201eBe\u017ei zeko, be\u017ei\u201c (Kanski filmski festival 2003, prva nagrada u  <span class=\"CyrLatIgnore\">Cin\u00e9fondation<\/span> kategoriji). Dramski pisac komada \u201eTransilvanija\u201c (15 godina na redovnom repertoaru Beogradskog dramskog pozori\u0161ta) i \u201eJa, Amerikanac\u201c, uvr\u0161tenog u pet najboljih za Sterijinu nagradu 2014. Urednik filmskog programa Doma omladine Beograda od 2018. Prvi redovni \u010dlan udru\u017eenja Atelje Varan Pariz iz Srbije. Jedan od predava\u010da na radionicama Ateljea Varan u Beogradu i Novom Sadu 2022. \u010clan nekoliko strukovnih udru\u017eenja u zemlji: DokSrbija, UFUS, UFUS AFA za\u0161tita. U\u010destvovao je u selekciji programa i radu \u017eirija vi\u0161e doma\u0107ih i me\u0111unarodnih festivala. Alumni programa  <span class=\"CyrLatIgnore\">EURODOC, Berlin Talent Campus, IDFA Summer School, Aristoteles Workshop i Atelier Varan Paris<\/span>.<\/p>\n                          \n             \n                    <\/div>\n                <\/div>\n\n\n             \n        <\/div>\n    <\/div>","protected":false},"excerpt":{"rendered":"","protected":false},"author":1,"featured_media":0,"parent":0,"menu_order":0,"comment_status":"closed","ping_status":"closed","template":"","meta":{"footnotes":""},"class_list":["post-959","page","type-page","status-publish","hentry"],"acf":[],"yoast_head":"<!-- This site is optimized with the Yoast SEO plugin v21.6 - https:\/\/yoast.com\/wordpress\/plugins\/seo\/ -->\n<title>SELEKCIONA KOMISIJA | Martovski festival<\/title>\n<meta name=\"robots\" content=\"index, follow, max-snippet:-1, max-image-preview:large, max-video-preview:-1\" \/>\n<link rel=\"canonical\" href=\"https:\/\/2023.martovski.rs\/en\/selekciona-komisija\/\" \/>\n<meta property=\"og:locale\" content=\"en_US\" \/>\n<meta property=\"og:type\" content=\"article\" \/>\n<meta property=\"og:title\" content=\"SELEKCIONA KOMISIJA | Martovski festival\" \/>\n<meta property=\"og:url\" content=\"https:\/\/2023.martovski.rs\/en\/selekciona-komisija\/\" \/>\n<meta property=\"og:site_name\" content=\"Martovski festival\" \/>\n<meta property=\"article:publisher\" content=\"https:\/\/www.facebook.com\/MartovskiFestival\" \/>\n<meta property=\"article:modified_time\" content=\"2023-03-27T13:38:50+00:00\" \/>\n<meta name=\"twitter:card\" content=\"summary_large_image\" \/>\n<meta name=\"twitter:site\" content=\"@MartovskiF\" \/>\n<script type=\"application\/ld+json\" class=\"yoast-schema-graph\">{\"@context\":\"https:\/\/schema.org\",\"@graph\":[{\"@type\":\"WebPage\",\"@id\":\"https:\/\/2023.martovski.rs\/selekciona-komisija\/\",\"url\":\"https:\/\/2023.martovski.rs\/selekciona-komisija\/\",\"name\":\"SELEKCIONA KOMISIJA | Martovski festival\",\"isPartOf\":{\"@id\":\"https:\/\/2023.martovski.rs\/#website\"},\"datePublished\":\"2023-03-15T18:42:33+00:00\",\"dateModified\":\"2023-03-27T13:38:50+00:00\",\"breadcrumb\":{\"@id\":\"https:\/\/2023.martovski.rs\/selekciona-komisija\/#breadcrumb\"},\"inLanguage\":\"en-US\",\"potentialAction\":[{\"@type\":\"ReadAction\",\"target\":[\"https:\/\/2023.martovski.rs\/selekciona-komisija\/\"]}]},{\"@type\":\"BreadcrumbList\",\"@id\":\"https:\/\/2023.martovski.rs\/selekciona-komisija\/#breadcrumb\",\"itemListElement\":[{\"@type\":\"ListItem\",\"position\":1,\"name\":\"Home\",\"item\":\"https:\/\/2023.martovski.rs\/\"},{\"@type\":\"ListItem\",\"position\":2,\"name\":\"SELEKCIONA KOMISIJA\"}]},{\"@type\":\"WebSite\",\"@id\":\"https:\/\/2023.martovski.rs\/#website\",\"url\":\"https:\/\/2023.martovski.rs\/\",\"name\":\"Martovski festival\",\"description\":\"70. BEOGRADSKI FESTIVAL DOKUMENTARNOG I KRATKOMETRA\u017dNOG FILMA\",\"publisher\":{\"@id\":\"https:\/\/2023.martovski.rs\/#organization\"},\"potentialAction\":[{\"@type\":\"SearchAction\",\"target\":{\"@type\":\"EntryPoint\",\"urlTemplate\":\"https:\/\/2023.martovski.rs\/?s={search_term_string}\"},\"query-input\":\"required name=search_term_string\"}],\"inLanguage\":\"en-US\"},{\"@type\":\"Organization\",\"@id\":\"https:\/\/2023.martovski.rs\/#organization\",\"name\":\"Martovski festival\",\"url\":\"https:\/\/2023.martovski.rs\/\",\"logo\":{\"@type\":\"ImageObject\",\"inLanguage\":\"en-US\",\"@id\":\"https:\/\/2023.martovski.rs\/#\/schema\/logo\/image\/\",\"url\":\"https:\/\/martovski.rs\/wp-content\/uploads\/2023\/03\/70.-Martovski.png\",\"contentUrl\":\"https:\/\/martovski.rs\/wp-content\/uploads\/2023\/03\/70.-Martovski.png\",\"width\":1200,\"height\":630,\"caption\":\"Martovski festival\"},\"image\":{\"@id\":\"https:\/\/2023.martovski.rs\/#\/schema\/logo\/image\/\"},\"sameAs\":[\"https:\/\/www.facebook.com\/MartovskiFestival\",\"https:\/\/twitter.com\/MartovskiF\",\"https:\/\/www.instagram.com\/martovskifestival\/\"]}]}<\/script>\n<!-- \/ Yoast SEO plugin. -->","yoast_head_json":{"title":"SELEKCIONA KOMISIJA | Martovski festival","robots":{"index":"index","follow":"follow","max-snippet":"max-snippet:-1","max-image-preview":"max-image-preview:large","max-video-preview":"max-video-preview:-1"},"canonical":"https:\/\/2023.martovski.rs\/en\/selekciona-komisija\/","og_locale":"en_US","og_type":"article","og_title":"SELEKCIONA KOMISIJA | Martovski festival","og_url":"https:\/\/2023.martovski.rs\/en\/selekciona-komisija\/","og_site_name":"Martovski festival","article_publisher":"https:\/\/www.facebook.com\/MartovskiFestival","article_modified_time":"2023-03-27T13:38:50+00:00","twitter_card":"summary_large_image","twitter_site":"@MartovskiF","schema":{"@context":"https:\/\/schema.org","@graph":[{"@type":"WebPage","@id":"https:\/\/2023.martovski.rs\/selekciona-komisija\/","url":"https:\/\/2023.martovski.rs\/selekciona-komisija\/","name":"SELEKCIONA KOMISIJA | Martovski festival","isPartOf":{"@id":"https:\/\/2023.martovski.rs\/#website"},"datePublished":"2023-03-15T18:42:33+00:00","dateModified":"2023-03-27T13:38:50+00:00","breadcrumb":{"@id":"https:\/\/2023.martovski.rs\/selekciona-komisija\/#breadcrumb"},"inLanguage":"en-US","potentialAction":[{"@type":"ReadAction","target":["https:\/\/2023.martovski.rs\/selekciona-komisija\/"]}]},{"@type":"BreadcrumbList","@id":"https:\/\/2023.martovski.rs\/selekciona-komisija\/#breadcrumb","itemListElement":[{"@type":"ListItem","position":1,"name":"Home","item":"https:\/\/2023.martovski.rs\/"},{"@type":"ListItem","position":2,"name":"SELEKCIONA KOMISIJA"}]},{"@type":"WebSite","@id":"https:\/\/2023.martovski.rs\/#website","url":"https:\/\/2023.martovski.rs\/","name":"Martovski festival","description":"70. BEOGRADSKI FESTIVAL DOKUMENTARNOG I KRATKOMETRA\u017dNOG FILMA","publisher":{"@id":"https:\/\/2023.martovski.rs\/#organization"},"potentialAction":[{"@type":"SearchAction","target":{"@type":"EntryPoint","urlTemplate":"https:\/\/2023.martovski.rs\/?s={search_term_string}"},"query-input":"required name=search_term_string"}],"inLanguage":"en-US"},{"@type":"Organization","@id":"https:\/\/2023.martovski.rs\/#organization","name":"Martovski festival","url":"https:\/\/2023.martovski.rs\/","logo":{"@type":"ImageObject","inLanguage":"en-US","@id":"https:\/\/2023.martovski.rs\/#\/schema\/logo\/image\/","url":"https:\/\/martovski.rs\/wp-content\/uploads\/2023\/03\/70.-Martovski.png","contentUrl":"https:\/\/martovski.rs\/wp-content\/uploads\/2023\/03\/70.-Martovski.png","width":1200,"height":630,"caption":"Martovski festival"},"image":{"@id":"https:\/\/2023.martovski.rs\/#\/schema\/logo\/image\/"},"sameAs":["https:\/\/www.facebook.com\/MartovskiFestival","https:\/\/twitter.com\/MartovskiF","https:\/\/www.instagram.com\/martovskifestival\/"]}]}},"_links":{"self":[{"href":"https:\/\/2023.martovski.rs\/en\/wp-json\/wp\/v2\/pages\/959","targetHints":{"allow":["GET"]}}],"collection":[{"href":"https:\/\/2023.martovski.rs\/en\/wp-json\/wp\/v2\/pages"}],"about":[{"href":"https:\/\/2023.martovski.rs\/en\/wp-json\/wp\/v2\/types\/page"}],"author":[{"embeddable":true,"href":"https:\/\/2023.martovski.rs\/en\/wp-json\/wp\/v2\/users\/1"}],"replies":[{"embeddable":true,"href":"https:\/\/2023.martovski.rs\/en\/wp-json\/wp\/v2\/comments?post=959"}],"version-history":[{"count":54,"href":"https:\/\/2023.martovski.rs\/en\/wp-json\/wp\/v2\/pages\/959\/revisions"}],"predecessor-version":[{"id":1615,"href":"https:\/\/2023.martovski.rs\/en\/wp-json\/wp\/v2\/pages\/959\/revisions\/1615"}],"wp:attachment":[{"href":"https:\/\/2023.martovski.rs\/en\/wp-json\/wp\/v2\/media?parent=959"}],"curies":[{"name":"wp","href":"https:\/\/api.w.org\/{rel}","templated":true}]}}